{"id":2646,"date":"2023-08-23T10:48:45","date_gmt":"2023-08-23T10:48:45","guid":{"rendered":"https:\/\/foam-made.com\/privacy-policy\/"},"modified":"2024-05-10T12:27:15","modified_gmt":"2024-05-10T12:27:15","slug":"privacy-policy","status":"publish","type":"page","link":"https:\/\/foam-made.com\/de\/privacy-policy\/","title":{"rendered":"Privacy Policy"},"content":{"rendered":"\n<p><strong>Die Informationen werden gem\u00e4\u00df dem Gesetzesdekret vom 30\/06\/2003 \u201ePRIVACY CODE\u201c bereitgestellt<\/strong><\/p>\n\n\n\n<p>In Sinne des Art. 13 des Gesetzesvertretenden Dekrets Nr. 196 vom 30. Juni 2003 INFORMIEREN wir dar\u00fcber, dass unsere Firma Gasperini snc die pers\u00f6nlichen Daten von Kunden und Lieferanten, sowie Personen verarbeitet, die unserem Verkaufsb\u00fcro oder der Gesch\u00e4ftsleitung ihre Personalien willentlich (telefonisch, per Fax oder per E-Mail) mitteilen, sowie Personen, deren Daten durch Dritte, zum Beispiel bei der Erfassung von externen Daten f\u00fcr gesch\u00e4ftliche Informationen, \u00f6ffentlichen Verzeichnissen usw. \u00fcbernommen wurden. Im letzteren Fall handelt es sich nur um personenbezogene Daten allgemeiner Art.<\/p>\n\n\n\n<p>Unsere Firma garantiert im Rahmen der gesetzlichen Vorgaben, dass die Verarbeitung der pers\u00f6nlichen Daten unter Ber\u00fccksichtigung der grundlegenden Rechte und Freiheiten sowie der W\u00fcrde des Betroffenen mit besonderem Bezug auf die Geheimhaltung, die pers\u00f6nliche Identit\u00e4t und das Recht auf Schutz der pers\u00f6nlichen Daten erfolgt.<\/p>\n\n\n\n<p><strong>Zweck der Verarbeitung<\/strong><\/p>\n\n\n\n<ul class=\"wp-block-list\">\n<li>Erf\u00fcllung von gesetzlichen Verpflichtungen, Verordnungen, EU-Rechtsvorschriften, Zivil- und Steuergesetzen<\/li>\n\n\n\n<li>Zur Erf\u00fcllung vertraglicher Verpflichtungen gegen\u00fcber der betroffenen Person<\/li>\n\n\n\n<li>Zur Erf\u00fcllung von T\u00e4tigkeiten, die mit der wirtschaftlichen T\u00e4tigkeit unseres Unternehmens zusammenh\u00e4ngen, wie z.B. die Erstellung interner Statistiken, f\u00fcr die Rechnungsstellung, die Kunden-Lieferanten-Buchhaltung<\/li>\n\n\n\n<li>Kommerzielle Zwecke, wie die Zusendung von kommerziellen Informationen und Werbematerial (per Post, Fax und E-Mail), Marketing und Marktforschung<\/li>\n\n\n\n<li>Kreditschutz und Schuldenmanagement<\/li>\n\n\n\n<li>Versicherungszwecke, insbesondere die Kreditversicherung<\/li>\n<\/ul>\n\n\n\n<p><strong>OPTIONALE ART DER DATEN\u00dcBERMITTLUNG<\/strong>: Unbeschadet des Vorstehenden steht es dem Benutzer im Falle von Navigationsdaten frei, dem Herausgeber\/Verarbeiter zus\u00e4tzliche Daten zu \u00fcbermitteln, um Zugang zu bestimmten Diensten wie Forum-Newslettern, E-Commerce-Diensten oder Informationsanfragen zu erhalten, die er an die Website www.foammade.com weiterleiten m\u00f6chte, wobei er deren Verarbeitung innerhalb der Grenzen und f\u00fcr die Zwecke des angeforderten Dienstes oder der angeforderten Informationen genehmigt.<br>Die Nichtbereitstellung dieser Informationen kann dazu f\u00fchren, dass die Dienstleistung oder Information nicht erbracht werden kann. Bitte beachten Sie auch, dass die Annahme von Cookies eine notwendige und unvermeidliche Voraussetzung f\u00fcr die Nutzung des Beratungsdienstes f\u00fcr dynamische Seiten ist.<\/p>\n\n\n\n<p><strong>\u00dcBERMITTLUNG UND\/ODER WEITERGABE VON DATEN<\/strong>: Die personenbezogenen Daten der Nutzer werden ausschlie\u00dflich zur Erbringung der angeforderten Dienstleistung verwendet und nur in folgenden F\u00e4llen an Dritte weitergegeben<br>An Kreditinstitute, mit denen unser Unternehmen Beziehungen zur Verwaltung von Krediten\/Schulden und zur Finanzvermittlung unterh\u00e4lt An alle nat\u00fcrlichen und\/oder juristischen, \u00f6ffentlichen und\/oder privaten Personen (Rechts-, Verwaltungs- und Steuerberatungsfirmen, Justizbeh\u00f6rden, Handelskammern usw.), wenn sich dies im Rahmen der vom Benutzer gew\u00fcnschten Dienstleistung als notwendig erweist;<br>die \u00dcbermittlung aufgrund von Gesetzen, Verordnungen, beh\u00f6rdlichen Anordnungen oder aufgrund m\u00f6glicher rechtlicher Schritte aufgrund einer spezifischen Bestimmung erforderlich ist;<br>der Nutzer selbst und der Inhaber der Website oder der f\u00fcr die Datenverarbeitung Verantwortliche ausdr\u00fccklich die Erlaubnis erteilen, seine kommerziellen Daten an dritte H\u00e4ndler zu senden, mit dem Hauptzweck, gezielte kommerzielle Angebote zu erhalten, die dem Geschmack und den W\u00fcnschen entsprechen, die auf der Grundlage der erfassten und \u00fcbermittelten Daten ge\u00e4u\u00dfert wurden<\/p>\n\n\n\n<p><strong>METHODEN DER VERARBEITUNG<\/strong><\/p>\n\n\n\n<p>Die personenbezogenen Daten werden durch automatisierte Instrumente in anonymer Form so lange verarbeitet, wie es f\u00fcr die Erreichung der Zwecke, f\u00fcr die sie erhoben wurden, unbedingt erforderlich ist. Es werden besondere Sicherheitsvorkehrungen getroffen, um Datenverlust, unerlaubte oder falsche Verwendung und unbefugten Zugriff zu verhindern.<br>Die von unserem Unternehmen verarbeiteten personenbezogenen Daten unterliegen nicht der Verbreitung. Die Verarbeitung kann mit oder ohne Hilfe elektronischer, auf jeden Fall aber automatischer Mittel erfolgen und umfasst alle im Art. 4, Absatz 1, Buchstabe a des gesetzesvertretenden Dekrets Nr. 196 vom 30. Juni 2003 vorgesehenen und f\u00fcr die betreffende Verarbeitung erforderlichen Vorg\u00e4nge. In jedem Fall erfolgt die Verarbeitung unter Einhaltung aller Vorsichtsma\u00dfnahmen, die Sicherheit und Vertraulichkeit gew\u00e4hrleisten.<br>Das Gesetz \u00fcber den Schutz der Privatsph\u00e4re gew\u00e4hrt der betroffenen Person die Aus\u00fcbung spezifischer Rechte gem\u00e4\u00df Artikel 7. Die betroffene Person hat insbesondere das Recht, von dem f\u00fcr die Verarbeitung Verantwortlichen eine Best\u00e4tigung dar\u00fcber zu erhalten, ob sie betreffende personenbezogene Daten vorhanden sind oder nicht, sowie die Mitteilung dieser Daten in verst\u00e4ndlicher Form. Die betroffene Person hat ferner das Recht auf Auskunft \u00fcber die Herkunft der Daten, die Zwecke und Modalit\u00e4ten der Verarbeitung sowie die angewandte Logik im Falle einer Verarbeitung mit Hilfe elektronischer Mittel, die Identit\u00e4t des Rechtsinhabers, der Verantwortlichen sowie der Personen und Kategorien von Personen, denen die Daten \u00fcbermittelt werden k\u00f6nnen oder die davon Kenntnis erlangen k\u00f6nnen.<\/p>\n\n\n\n<p><strong>DATENVERANTWORTLICHER<\/strong><\/p>\n\n\n\n<p>Der Inhaber der Datenverarbeitung ist Paolo Gasperini<br>Der Inhaber der Datenverarbeitung ist Paolo Gasperini<\/p>\n\n\n\n<p><strong>ORT DER DATENVERARBEITUNG<\/strong><\/p>\n\n\n\n<p>Die Verarbeitungen im Zusammenhang mit den von dieser Website angebotenen Webdiensten finden in den B\u00fcros des Datenverarbeiters Gasperini snc mit Sitz in V. statt. Di Vittorio 29, 38068 Rovereto (TN) und werden nur von autorisiertem und geschultem Personal verwendet, verwaltet und verarbeitet.<br>Keine Daten aus dem Webdienst werden ohne ausdr\u00fcckliche Genehmigung des Vertrags oder zu anderen als den ausdr\u00fccklich genehmigten Zwecken an Dritte weitergegeben oder offengelegt.<\/p>\n\n\n\n<p>Cookie-Politik Gasperini snc: Um Ihren Besuch auf unserer Website so angenehm wie m\u00f6glich zu gestalten, verwenden wir Cookies, um unser Angebot zu pr\u00e4sentieren. Dabei handelt es sich um kleine Textaggregate, die lokal im tempor\u00e4ren Speicher Ihres Browsers und damit auf Ihrem Computer gespeichert werden, und zwar f\u00fcr unterschiedliche Zeitr\u00e4ume, die je nach Bedarf variieren und im Allgemeinen von einigen Stunden bis zu mehreren Jahren reichen, mit Ausnahme der Profilierungs-Cookies, deren maximale Dauer 365 Kalendertage betr\u00e4gt.<br>Mit Hilfe von Cookies ist es m\u00f6glich, Informationen \u00fcber Ihre Pr\u00e4ferenzen und andere technische Daten semi-permanent zu speichern, die eine einfachere Navigation und eine gr\u00f6\u00dfere Benutzerfreundlichkeit und Effizienz der Website selbst erm\u00f6glichen. Cookies k\u00f6nnen zum Beispiel verwendet werden, um festzustellen, ob bereits eine Verbindung zwischen Ihrem Computer und unseren Websites hergestellt wurde, um neue Funktionen hervorzuheben oder um \u201eLogin\u201c-Informationen zu erhalten. Zu Ihrem Schutz wird nur das auf Ihrem Computer gespeicherte Cookie identifiziert.<br>Bei dieser Nutzung werden keine sogenannten Profiling-Cookies verwendet. Es werden keine Daten \u00fcber Ihren Geschmack, Ihre Vorlieben, Hobbys und Leidenschaften oder andere Informationen, die f\u00fcr kommerzielle oder nichtkommerzielle Zwecke n\u00fctzlich sind, gespeichert oder analysiert.<\/p>\n\n\n\n<p><strong>Arten von Cookies implementiert:<\/strong><br>Auf dieser Website werden zwei verschiedene Arten von Cookies verwendet:<\/p>\n\n\n\n<p><strong>A) Wesentliche technische Cookies:<\/strong><br>Diese Cookies sind f\u00fcr das reibungslose Funktionieren der Website erforderlich. Sie erm\u00f6glichen es Ihnen, auf den Seiten zu navigieren, unsere Inhalte mit anderen zu teilen, Ihre Anmeldedaten zu speichern, damit Sie schneller auf die Website zugreifen k\u00f6nnen, und Ihre Einstellungen und Anmeldedaten w\u00e4hrend des Besuchs aktiv zu halten. Ohne diese Cookies k\u00f6nnten wir die Dienste, f\u00fcr die die Nutzer auf die Website zugreifen, nicht anbieten.<\/p>\n\n\n\n<p><strong>B) Statistische und leistungsbezogene Cookies:<\/strong><br>Diese Cookies erm\u00f6glichen es uns zu wissen, wie die Besucher die Website nutzen, so dass wir ihre Funktionsweise bewerten und verbessern und die Produktion von Inhalten priorisieren k\u00f6nnen, die den Informationsbed\u00fcrfnissen unserer Nutzer am besten entsprechen. So k\u00f6nnen wir beispielsweise feststellen, welche Seiten am h\u00e4ufigsten und welche am wenigsten besucht werden. Sie ber\u00fccksichtigen unter anderem die Anzahl der Besucher, die Zeit, die ein durchschnittlicher Nutzer auf der Website verbringt, und die Art und Weise, wie sie auf die Website gelangen. Auf diese Weise wissen wir, was gut funktioniert und was verbessert werden muss, und wir k\u00f6nnen sicherstellen, dass die Seiten schnell geladen und korrekt angezeigt werden. Alle von diesen Cookies gesammelten Informationen und Daten sind anonym und nicht mit Ihren pers\u00f6nlichen Daten verkn\u00fcpft und werden von der Website in aggregierter Form verarbeitet. Um diese Funktionen auf unseren Seiten auszuf\u00fchren, nutzen wir Dienste Dritter, die die Daten anonymisieren, so dass sie nicht auf Einzelpersonen zur\u00fcckgef\u00fchrt werden k\u00f6nnen (so genanntes \u201eSingle-in\u201c). Wenn es Dienste gibt, die nicht vollst\u00e4ndig anonymisiert sind, finden Sie diese unter den Cookies von Drittanbietern aufgelistet, f\u00fcr die Sie Ihre Zustimmung verweigern k\u00f6nnen, um Ihre Privatsph\u00e4re zu sch\u00fctzen.<br>Zu diesem Zweck verwendet diese Website Google Analytics. Google Analytics ist ein Webanalysedienst von Google, Inc. (\u201eGoogle\u201c). Google Analytics verwendet \u201eCookies\u201c, um die Website zu analysieren, wie die Nutzer die Website nutzen. Die durch den Cookie erzeugten Informationen \u00fcber Ihre Benutzung dieser Website (einschlie\u00dflich Ihrer IP-Adresse) werden an einen Server von Google in den Vereinigten Staaten \u00fcbertragen und dort gespeichert. Google wird diese Informationen benutzen, um Ihre Nutzung der Website auszuwerten, um Reports \u00fcber die Websiteaktivit\u00e4ten f\u00fcr die Websitebetreiber zusammenzustellen und um weitere mit der Websitenutzung und der Internetnutzung verbundene Dienstleistungen zu erbringen. Auch wird Google diese Informationen gegebenenfalls an Dritte \u00fcbertragen, sofern dies gesetzlich vorgeschrieben oder soweit Dritte diese Daten im Auftrag von Google verarbeiten. Google wird Ihre IP-Adresse nicht mit anderen von Google gespeicherten Daten in Verbindung bringen.<\/p>\n\n\n\n<p><strong>Die von den Cookies auf dieser Website ausgef\u00fchrten Funktionen sind die folgenden:<\/strong><\/p>\n\n\n\n<p><strong>Pr\u00e4ferenzen<\/strong><br>Der Verlust von Informationen, die in einem Einstellungs-Cookie gespeichert sind, kann dazu f\u00fchren, dass Ihre Nutzung der Website weniger gut funktioniert, sollte sie aber nicht beeintr\u00e4chtigen. Die meisten Google-Nutzer haben in ihren Browsern ein Einstellungs-Cookie namens \u201ePREF\u201c. Ein Browser sendet dieses Cookie bei Anfragen an Google-Websites. Der PREF-Cookie kann Ihre Pr\u00e4ferenzen und andere Informationen speichern, insbesondere Ihre bevorzugte Sprache (z. B. Italienisch), die Anzahl der Suchergebnisse, die Sie pro Seite anzeigen lassen m\u00f6chten (z. B. 10 oder 20) und Ihre Pr\u00e4ferenz, den SafeSearch-Filter von Google zu aktivieren.<\/p>\n\n\n\n<p><strong>Sicherheit<\/strong><br>Wir verwenden Sicherheits-Cookies, um Benutzer zu authentifizieren, die betr\u00fcgerische Verwendung von Anmeldedaten zu verhindern und Benutzerdaten vor Unbefugten zu sch\u00fctzen.<br>Wir verwenden beispielsweise Cookies mit den Bezeichnungen \u201eSID\u201c und \u201eHSID\u201c, die digital signierte und verschl\u00fcsselte Datens\u00e4tze f\u00fcr die Google-Konto-ID eines Nutzers und sein letztes Anmeldedatum enthalten. Die Kombination dieser beiden Cookies erm\u00f6glicht es uns, viele Arten von Angriffen abzuwehren, z. B. Versuche, den Inhalt von Formularen zu stehlen, die Sie auf Webseiten ausf\u00fcllen.<\/p>\n\n\n\n<p>Prozesse<\/p>\n\n\n\n<p>Prozess-Cookies tragen zum Funktionieren von Websites und zur Bereitstellung von Diensten bei, die Besucher dort erwarten, z. B. die M\u00f6glichkeit, zwischen Seiten zu navigieren oder auf gesch\u00fctzte Bereiche der Website zuzugreifen. Ohne diese Cookies kann die Website nicht richtig funktionieren.<br>Wir verwenden zum Beispiel ein Cookie namens \u201elbcs\u201c, das es Google Docs erm\u00f6glicht, viele Dokumente in einem einzigen Browser zu \u00f6ffnen. Das Blockieren dieses Cookies kann das ordnungsgem\u00e4\u00dfe Funktionieren von Google Docs beeintr\u00e4chtigen.<\/p>\n\n\n\n<p>Analytik<br>Google Analytics ist ein Analysetool von Google, das Website- und App-Besitzern hilft zu verstehen, wie Besucher mit ihren Inhalten interagieren. Eine Reihe von Cookies kann verwendet werden, um Informationen zu sammeln und Statistiken \u00fcber die Nutzung der Website zu erstellen, ohne dass einzelne Besucher von Google pers\u00f6nlich identifiziert werden.<br>Zus\u00e4tzlich zur Erstellung von Berichten \u00fcber die Nutzung der Website kann das Google Analytics-Pixel-Tag zusammen mit einigen der oben beschriebenen Werbe-Cookies verwendet werden, um uns zu erm\u00f6glichen, relevantere Ergebnisse auf Google-Eigenschaften (z. B. Google Search) und im gesamten Web anzuzeigen. <a href=\"https:\/\/developers.google.com\/analytics\/devguides\/collection\/analyticsjs\/cookie-usage?hl=de\" target=\"_blank\" rel=\"noopener\">Wenn Sie mehr dar\u00fcber wissen m\u00f6chten, lesen Sie mehr \u00fcber Analytics-Cookies und Datenschutz.<\/a><\/p>\n\n\n\n<p><strong>Cookie-Verwaltung und Pr\u00e4ferenzen:<\/strong><br>Wenn Sie Zweifel oder Bedenken hinsichtlich der Verwendung von Cookies haben, k\u00f6nnen Sie jederzeit Ma\u00dfnahmen ergreifen, um zu verhindern, dass diese gesetzt und gelesen werden, indem Sie beispielsweise die Datenschutzeinstellungen Ihres Browsers \u00e4ndern, um bestimmte Arten von Cookies zu blockieren.\u00a0Da sich die einzelnen Browser \u2013 und oft auch verschiedene Versionen desselben Browsers \u2013 erheblich voneinander unterscheiden, finden Sie ausf\u00fchrliche Informationen dazu in der Bedienungsanleitung Ihres Browsers, falls Sie dies lieber selbst tun m\u00f6chten. Einen \u00dcberblick \u00fcber die Ma\u00dfnahmen f\u00fcr die g\u00e4ngigsten Browser finden Sie unte \u00a0<a href=\"https:\/\/www.cookiepedia.co.uk\/\" target=\"_blank\" rel=\"noreferrer noopener\">www.cookiepedia.co.uk\u00a0<\/a><br>In den meisten Browsern k\u00f6nnen Sie Ihre Cookie-Einstellungen verwalten. Sie k\u00f6nnen Ihren Browser so einstellen, dass er Cookies ablehnt oder nur einige von ihnen l\u00f6scht. Genauso wie Sie die Verwendung von Cookies deaktivieren k\u00f6nnen, k\u00f6nnen Sie auch andere \u00e4hnliche Technologien deaktivieren.<\/p>\n\n\n\n<p>Die folgenden Links zeigen Ihnen, wie Sie Ihre Einstellungen f\u00fcr die am h\u00e4ufigsten verwendeten Browser vornehmen k\u00f6nnen:<\/p>\n\n\n\n<p><a href=\"https:\/\/goo.gl\/hwvr9\" target=\"_blank\" rel=\"noreferrer noopener\">Internet Explorer&nbsp;<\/a><br><a href=\"https:\/\/goo.gl\/Oh7kxR\" target=\"_blank\" rel=\"noreferrer noopener\">Firefox&nbsp;<\/a><br><a href=\"https:\/\/goo.gl\/2u1O5w\" target=\"_blank\" rel=\"noreferrer noopener\">Safari&nbsp;<\/a><br><a href=\"https:\/\/goo.gl\/r5618P\" target=\"_blank\" rel=\"noreferrer noopener\">Chrome<\/a><\/p>\n\n\n\n<p>Weitere Informationen und Opt-out-M\u00f6glichkeiten finden Sie unte\u00a0<a href=\"https:\/\/www.youronlinechoices.eu\/\" target=\"_blank\" rel=\"noreferrer noopener\">www.youronlinechoices.eu<\/a><br>Werbeunternehmen bieten Ihnen auch die M\u00f6glichkeit, den Erhalt gezielter Werbung abzulehnen, wenn Sie dies w\u00fcnschen. Dadurch wird das Setzen von Cookies nicht verhindert, aber die Verwendung und Sammlung bestimmter Daten durch diese Unternehmen wird unterbunden.<br>Sie k\u00f6nnen die Verwendung von Cookies verweigern, indem Sie die entsprechende Einstellung in Ihrem Browser vornehmen, was jedoch dazu f\u00fchren kann, dass Sie nicht alle Funktionen dieser Website nutzen k\u00f6nnen. Durch die Nutzung dieser Website erkl\u00e4ren Sie sich mit der Bearbeitung der \u00fcber Sie erhobenen Daten durch Google in der zuvor beschriebenen Art und Weise und zu dem zuvor benannten Zweck einverstanden.<br>Sie k\u00f6nnen die Installation der Cookies durch eine entsprechende Einstellung Ihrer Browser Software verhindern; wir weisen Sie jedoch darauf hin, dass Sie in diesem Fall gegebenenfalls nicht s\u00e4mtliche Funktionen dieser Website voll umf\u00e4nglich nutzen k\u00f6nnen. Sie k\u00f6nnen die Erfassung und Verarbeitung der durch die Cookies erzeugten Informationen (inkl. Ihrer IP-Adresse) durch Google verhindern.<\/p>\n\n\n\n<p><strong>Akzeptanz und Verzicht auf Cookies<\/strong>: Wenn Sie auf dieser Seite weitersurfen, indem Sie das Informationsfenster schlie\u00dfen oder irgendwo auf der Seite klicken oder nach unten scrollen, um weitere Inhalte hervorzuheben, akzeptieren Sie die Cookie-Politik von www.gasperinieps.it di Gasperini snc und es werden Cookies gesetzt und gesammelt. \u00a0Sie haben jederzeit die M\u00f6glichkeit, diese Cookies mit den Methoden zu entfernen, die auf den im Abschnitt \u201eCookie-Verwaltung\u201c genannten Websites beschrieben sind.<\/p>\n\n\n\n<p><strong>RECHTE DER BETROFFENEN<\/strong>: Der Betroffene hat das Recht, die Aktualisierung, die Berichtigung, die Erg\u00e4nzung, die L\u00f6schung, die Umwandlung in anonyme Form oder die Sperrung der gesetzeswidrig verarbeiteten Daten zu verlangen. Die betroffene Person hat das Recht, sich aus gerechtfertigten Gr\u00fcnden der Verarbeitung personenbezogener Daten, die sie betreffen, ganz oder teilweise zu widersetzen, auch wenn diese Daten dem Zweck der Sammlung entsprechen, sowie ohne Angabe von Gr\u00fcnden der Verarbeitung personenbezogener Daten, die sie betreffen, zu widersetzen, wenn diese Verarbeitung zum Zwecke des Versands von Werbematerial oder des Direktverkaufs, zur Markt- oder Meinungsforschung oder zur Handelsinformation erfolgt. Die betreffenden Rechte k\u00f6nnen auch durch eine benannte Person ausge\u00fcbt werden, indem ein Antrag an folgende Adresse gerichtet wird: Paolo Gasperini, Gasperini snc, V. Di Vittorio 29, 38068 Rovereto (TN), per Einschreiben oder E-Mail an: posta@gasperinieps.it<\/p>\n","protected":false},"excerpt":{"rendered":"<p>Die Informationen werden gem\u00e4\u00df dem Gesetzesdekret vom 30\/06\/2003 \u201ePRIVACY CODE\u201c bereitgestellt In Sinne des Art. 13 des Gesetzesvertretenden Dekrets Nr. 196 vom 30. Juni 2003 INFORMIEREN wir dar\u00fcber, dass unsere Firma Gasperini&#8230;<\/p>\n","protected":false},"author":1,"featured_media":0,"parent":0,"menu_order":0,"comment_status":"closed","ping_status":"closed","template":"","meta":{"footnotes":""},"class_list":["post-2646","page","type-page","status-publish"],"_links":{"self":[{"href":"https:\/\/foam-made.com\/de\/wp-json\/wp\/v2\/pages\/2646","targetHints":{"allow":["GET"]}}],"collection":[{"href":"https:\/\/foam-made.com\/de\/wp-json\/wp\/v2\/pages"}],"about":[{"href":"https:\/\/foam-made.com\/de\/wp-json\/wp\/v2\/types\/page"}],"author":[{"embeddable":true,"href":"https:\/\/foam-made.com\/de\/wp-json\/wp\/v2\/users\/1"}],"replies":[{"embeddable":true,"href":"https:\/\/foam-made.com\/de\/wp-json\/wp\/v2\/comments?post=2646"}],"version-history":[{"count":1,"href":"https:\/\/foam-made.com\/de\/wp-json\/wp\/v2\/pages\/2646\/revisions"}],"predecessor-version":[{"id":2650,"href":"https:\/\/foam-made.com\/de\/wp-json\/wp\/v2\/pages\/2646\/revisions\/2650"}],"wp:attachment":[{"href":"https:\/\/foam-made.com\/de\/wp-json\/wp\/v2\/media?parent=2646"}],"curies":[{"name":"wp","href":"https:\/\/api.w.org\/{rel}","templated":true}]}}